{"id":214,"date":"2016-08-10T21:06:18","date_gmt":"2016-08-10T19:06:18","guid":{"rendered":"http:\/\/janabartho.eu\/?page_id=214"},"modified":"2019-02-18T13:22:12","modified_gmt":"2019-02-18T12:22:12","slug":"home","status":"publish","type":"page","link":"https:\/\/janabartho.eu\/?page_id=214&lang=de","title":{"rendered":"Starseite"},"content":{"rendered":"<p style=\"text-align: left;\"><span style=\"font-size: 300%;\"><span style=\"font-family: Herr Von Muellerhoff; color: #0d4e4a;\">Singen &#8211;<\/span><\/span><\/p>\n<p style=\"text-align: left;\"><span style=\"font-size: 300%;\"><span style=\"font-family: Herr Von Muellerhoff; color: #0d4e4a;\">Mir die gr\u00f6\u00dfte Erf\u00fcllung<\/span><\/span><\/p>\n<p style=\"text-align: left;\"><span style=\"font-size: 300%;\"><span style=\"font-family: Herr Von Muellerhoff; color: #0d4e4a;\">Euch tiefer Genuss<\/span><\/span><\/p>\n<p style=\"text-align: right;\"><span style=\"font-size: 300%;\"><span style=\"font-family: Herr Von Muellerhoff; color: #0d4e4a;\">Auf der Suche nach<\/span><\/span><\/p>\n<p style=\"text-align: right;\"><span style=\"font-size: 300%;\"><span style=\"font-family: Herr Von Muellerhoff; color: #0d4e4a;\">meiner Stimme<\/span><\/span><\/p>\n<p style=\"text-align: right;\"><span style=\"font-size: 300%;\"><span style=\"font-family: Herr Von Muellerhoff; color: #0d4e4a;\">habe ich mich gefunden<\/span><\/span><\/p>\n<p style=\"text-align: left;\"><span style=\"font-size: 300%;\"><span style=\"font-family: Herr Von Muellerhoff; color: #0d4e4a;\">Ich versuche bei jedem Auftritt,<\/span><\/span><\/p>\n<p style=\"text-align: left;\"><span style=\"font-size: 300%;\"><span style=\"font-family: Herr Von Muellerhoff; color: #0d4e4a;\">die Werke<\/span><\/span><\/p>\n<p style=\"text-align: left;\"><span style=\"font-size: 300%;\"><span style=\"font-family: Herr Von Muellerhoff; color: #0d4e4a;\">durch meine Gef\u00fchle<\/span><\/span><\/p>\n<p style=\"text-align: left;\"><span style=\"font-size: 300%;\"><span style=\"font-family: Herr Von Muellerhoff; color: #0d4e4a;\">den Zuh\u00f6rern<\/span><\/span><\/p>\n<p style=\"text-align: left;\"><span style=\"font-size: 300%;\"><span style=\"font-family: Herr Von Muellerhoff; color: #0d4e4a;\">ganz nahe zu bringen<\/span><\/span><\/p>\n<p style=\"text-align: right;\"><span style=\"font-size: 300%;\"><span style=\"font-family: Herr Von Muellerhoff; color: #0d4e4a;\">Ich danke meinem tollen Mann<\/span><\/span><\/p>\n<p style=\"text-align: right;\"><span style=\"font-size: 300%;\"><span style=\"font-family: Herr Von Muellerhoff; color: #0d4e4a;\">meinen gro\u00dfz\u00fcgigen F\u00f6rderern<\/span><\/span><\/p>\n<p style=\"text-align: right;\"><span style=\"font-size: 300%;\"><span style=\"font-family: Herr Von Muellerhoff; color: #0d4e4a;\">und meinem lieben Publikum<\/span><\/span><\/p>\n<p style=\"text-align: right;\"><span style=\"font-size: 300%;\"><span style=\"font-family: Herr Von Muellerhoff; color: #0d4e4a;\">f\u00fcr die Unterst\u00fctzung<\/span><\/span><\/p>\n","protected":false},"excerpt":{"rendered":"<p>Singen &#8211; Mir die gr\u00f6\u00dfte Erf\u00fcllung Euch tiefer Genuss Auf der Suche nach meiner Stimme habe ich mich gefunden Ich versuche bei jedem Auftritt, die Werke durch meine Gef\u00fchle den Zuh\u00f6rern ganz nahe zu bringen Ich danke meinem tollen Mann meinen gro\u00dfz\u00fcgigen F\u00f6rderern und meinem lieben Publikum f\u00fcr die Unterst\u00fctzung<\/p>\n","protected":false},"author":1,"featured_media":0,"parent":0,"menu_order":0,"comment_status":"closed","ping_status":"closed","template":"","meta":[],"_links":{"self":[{"href":"https:\/\/janabartho.eu\/index.php?rest_route=\/wp\/v2\/pages\/214"}],"collection":[{"href":"https:\/\/janabartho.eu\/index.php?rest_route=\/wp\/v2\/pages"}],"about":[{"href":"https:\/\/janabartho.eu\/index.php?rest_route=\/wp\/v2\/types\/page"}],"author":[{"embeddable":true,"href":"https:\/\/janabartho.eu\/index.php?rest_route=\/wp\/v2\/users\/1"}],"replies":[{"embeddable":true,"href":"https:\/\/janabartho.eu\/index.php?rest_route=%2Fwp%2Fv2%2Fcomments&post=214"}],"version-history":[{"count":42,"href":"https:\/\/janabartho.eu\/index.php?rest_route=\/wp\/v2\/pages\/214\/revisions"}],"predecessor-version":[{"id":419,"href":"https:\/\/janabartho.eu\/index.php?rest_route=\/wp\/v2\/pages\/214\/revisions\/419"}],"wp:attachment":[{"href":"https:\/\/janabartho.eu\/index.php?rest_route=%2Fwp%2Fv2%2Fmedia&parent=214"}],"curies":[{"name":"wp","href":"https:\/\/api.w.org\/{rel}","templated":true}]}}