{"id":9,"date":"2016-07-30T09:37:42","date_gmt":"2016-07-30T07:37:42","guid":{"rendered":"http:\/\/janabartho.eu\/?page_id=9"},"modified":"2016-09-04T20:51:12","modified_gmt":"2016-09-04T18:51:12","slug":"biografie","status":"publish","type":"page","link":"https:\/\/janabartho.eu\/?page_id=9&lang=de","title":{"rendered":"Biografie"},"content":{"rendered":"<h1>Die fr\u00fchen Jahre: Gesang<\/h1>\n<p style=\"text-align: justify;\"><span style=\"color: #ad9a3c;\">Die Sopranistin Jana Bartho wurde in Bautzen \u2013 der Stadt an der Spree \u2013 in Deutschland geboren. Die Begeisterung f\u00fcr die Musik zog sie schon in jungen Jahren in ihren Bann. Schlie\u00dflich f\u00f6rderte sie ihr musikalisches Talent im Alter von 18, als sie zum ersten Mal Gesangsstunden nahm. Nur ein Jahr sp\u00e4ter wurde sie Stipendiatin des Landes Sachsen.<\/span><\/p>\n<p style=\"text-align: justify;\"><span style=\"color: #ad9a3c;\">So absolvierte sie ihr Gesangsstudium an der Semperoper Dresden bei Prof. Nelly Ailakowa und wirkte bereits w\u00e4hrend ihrer Studienzeit im Staatsopernchor mit. Hier arbeitete sie mit namhaften Regisseuren wie Andreas Homoki oder Peter Konwitschny zusammen und wurde von bedeutenden Dirigenten wie Christian Thielemann, Sir Collin Davis oder Fabio Luisi sowie zahlreichen gro\u00dfen S\u00e4ngern inspiriert. Im Staatsopernchor sang sie ihre ersten Solopartien, beispielsweise den Vogel in \u201eDie lustigen Nibelungen\u201c. Jana Bartho zeigte neben ihrem gesanglichen auch ein gro\u00dfes schauspielerisches Talent, das sie in diversen Hauptrollen wie beispielsweise Bertold Brechts \u201eKleinb\u00fcrgerhochzeit\u201c oder \u201eFisch zu viert\u201c auf der B\u00fchne der \u201eKleinen Szene\u201c in Dresden unter Beweis stellte.<\/span><\/p>\n<p style=\"text-align: justify;\"><span style=\"color: #ad9a3c;\">Nach dem erfolgreichen Abschluss ihres Studiums f\u00fchrte es sie nach Stuttgart, wo sie als Konzertsolistin t\u00e4tig war. Sie sang unter anderem Werke von Felix Mendelssohn Bartholdi (\u201eElias\u201c), Charles Gounod (\u201eOratorio de Noel\u201c, Messe op. 4), Johannes Brahms, Richard Strau\u00df, Franz Schubert und Robert Schumann.<\/span><\/p>\n<p>&nbsp;<\/p>\n<h1>Schauspiel und Oper<\/h1>\n<p style=\"text-align: justify;\"><span style=\"color: #ad9a3c;\">Dar\u00fcber hinaus verband sie ihr gesangliches Talent mit dem des Schauspielens und entwarf halbszenische B\u00fchnenabende. So interpretierte sie als Hauptakteurin verschiedene Lieder von Kurt Weill\/Bertold Brecht und setzte deren Inhalte in einem Stuttgarter Theater ausdrucksstark in Szene. Ein weiterer H\u00f6hepunkt dieser Reihe bildete ein Lied-Lyrik-Programm mit Liedern von Friedrich Hollaender, Paul Lincke und George Gershwin, in dem sie die verschiedensten Frauenrollen beeindruckend verk\u00f6rperte.<\/span><\/p>\n<p style=\"text-align: justify;\"><span style=\"color: #ad9a3c;\">2006 nahm Jana Bartho regelm\u00e4\u00dfig Gesangsstunden bei Prof. Dunja Vejzovic in Stuttgart. Getrieben von der schauspielerischen Leidenschaft in Verbindung mit dem Bed\u00fcrfnis, die Rollen so authentisch wie m\u00f6glich zu verk\u00f6rpern, lie\u00df sie sich von dem in Stuttgart t\u00e4tigen Theaterregisseur Wilfried Alt ein Jahr lang in der Schauspielkunst ausbilden. Bei Prof. Anna Maria Dur studierte sie in dieser Zeit Gesangsp\u00e4dagogik an der Hochschule f\u00fcr Musik in Mannheim. Das Diplom erlangte sie 2008. Mittlerweile hat sie viel Erfahrung im Unterrichten und ist eine ausgezeichnete Stimmp\u00e4dagogin.<\/span><\/p>\n<p style=\"text-align: justify;\"><span style=\"color: #ad9a3c;\">2010 f\u00fchrte sie ein Engagement nach \u00d6sterreich an die Grazer Oper, wo sie Mitglied des Opernchores wurde. Jana Barthos Stimme entwickelte sich allm\u00e4hlich zu einem dramatischen, ausdrucksstarken Sopran, der im Opernchor nicht ausreichend gefordert wurde. Das Bed\u00fcrfnis, ihrem eigenen k\u00fcnstlerischen Ausdruck verleihen zu k\u00f6nnen, wuchs in ihr zusehends und so zog es sie in die Stadt der Musik \u2013 nach Wien.<\/span><\/p>\n<p>&nbsp;<\/p>\n<h1 style=\"text-align: justify;\">Die Solistin<\/h1>\n<p style=\"text-align: justify;\"><span style=\"color: #ad9a3c;\">Jana Bartho ist seit 2012 als Solistin t\u00e4tig und gibt nicht nur im deutschsprachigen Raum Konzerte, sondern ist auch international t\u00e4tig. So beeindruckte sie unter anderem in Mexiko das Publikum dreier verschiedener St\u00e4dte mit ihrem Programm \u201eDeutsche Romantik\u201c. Auch in der Ukraine \u00fcberzeugte sie mit ihrer Darstellung des Liebestodes der Isolde und Leonora aus \u201eLa forza del destino\u201c unter der musikalischen Leitung ihres Mannes Antonio Liz\u00e1rraga.\u00a0 Im selben Jahr konnte sie eine Fachjury im internationalen Gesangswettbewerb f\u00fcr \u201eRussische Romanzen\u201c in Ljubljana \u00fcberzeugen und den ersten Platz gewinnen.<\/span><\/p>\n<p style=\"text-align: justify;\"><span style=\"color: #ad9a3c;\">2014 \u00fcbernahm sie die Rolle der Aida (Verdi) in einer gek\u00fcrzten Kinderopernfassung und gab zahlreiche Vorstellungen vor allem in Deutschland und Wien.<\/span><\/p>\n<p><em><span style=\"color: #ad9a3c;\">\u00a0<\/span><\/em><\/p>\n<h1>Gegenwart: Dramatische Sopranistin<\/h1>\n<p style=\"text-align: justify;\"><span style=\"color: #ad9a3c;\">Anfang 2016 gestaltete sie einen Liederabend mit Werken von Manuel Maria Ponce und anderen bedeutenden mexikanischen bzw. lateinamerikanischen Komponisten. Ebenso war sie mit Opernarien wie beispielsweise der Lady Macbeth aus \u201eMacbeth\u201c, Lisa aus \u201ePique Dame\u201c oder Elsa aus \u201eLohengrin\u201c zu h\u00f6ren.<\/span><\/p>\n<p style=\"text-align: justify;\"><span style=\"color: #ad9a3c;\">St\u00e4ndig nach pers\u00f6nlicher und vor allem stimmlicher Weiterentwicklung strebend, nimmt sie sich die gro\u00dfen K\u00fcnstler zum Vorbild und besuchte zahlreiche Meisterkurse: 2014 bei Cheryl Studer, 2010 bei Gerd Uecker, 2006 bei Alberto Zedda, 2000 bei Norman Shettler, 1997 bei Prof. Julia Hamari.<\/span><\/p>\n<p style=\"text-align: justify;\"><span style=\"color: #ad9a3c;\">Heute reicht ihr breites Gesangsrepertoire von Konzertliedern \u00fcber Opern- und Operettengesang bis hin zur modernen Unterhaltungsmusik. Da sich ihre Stimme immer st\u00e4rker zum dramatischen Fach entwickelte, wird sie nun auch verst\u00e4rkt im Bereich der Oper zu h\u00f6ren sein.<\/span><\/p>\n<p><em><span style=\"color: #ad9a3c;\">\u00a0<\/span><\/em><\/p>\n<h1>Das Multitalent: Dirigentin und Filmdarstellerin<\/h1>\n<p style=\"text-align: justify;\"><span style=\"color: #ad9a3c;\">Schlie\u00dflich entdeckte Jana Bartho durch ihren Mann nun auch die Leidenschaft zum Dirigieren. Mit Auszeichnung absolvierte sie die zweij\u00e4hrige Dirigierausbildung in nur einem Jahr an der Kunstuniversit\u00e4t Graz bei Mag. art. Privatdozent Franz Jochum. Regelm\u00e4\u00dfig ist sie seither auch als Dirigentin zu erleben.<\/span><\/p>\n<p style=\"text-align: justify;\"><span style=\"color: #ad9a3c;\">Auch an ihrer schauspielerischen Karriere arbeitet Jana Bartho zusehends. So ist sie beispielsweise in Kino- und Fernsehfilmen wie \u201eGruber geht\u201c oder \u201eEine Liebe f\u00fcr die Wissenschaft\u201c zu sehen. Ihre erste Sprechrolle ist in dem aktuellen Film \u201eK\u00e4stner und der kleine Dienstag\u201c zu bestaunen.<\/span><\/p>\n","protected":false},"excerpt":{"rendered":"<p>Die fr\u00fchen Jahre: Gesang Die Sopranistin Jana Bartho wurde in Bautzen \u2013 der Stadt an der Spree \u2013 in Deutschland geboren. Die Begeisterung f\u00fcr die Musik zog sie schon in jungen Jahren in ihren Bann. Schlie\u00dflich f\u00f6rderte sie ihr musikalisches Talent im Alter von 18, als sie zum ersten Mal Gesangsstunden nahm. Nur ein Jahr [&hellip;]<\/p>\n","protected":false},"author":1,"featured_media":0,"parent":0,"menu_order":0,"comment_status":"closed","ping_status":"closed","template":"","meta":[],"_links":{"self":[{"href":"https:\/\/janabartho.eu\/index.php?rest_route=\/wp\/v2\/pages\/9"}],"collection":[{"href":"https:\/\/janabartho.eu\/index.php?rest_route=\/wp\/v2\/pages"}],"about":[{"href":"https:\/\/janabartho.eu\/index.php?rest_route=\/wp\/v2\/types\/page"}],"author":[{"embeddable":true,"href":"https:\/\/janabartho.eu\/index.php?rest_route=\/wp\/v2\/users\/1"}],"replies":[{"embeddable":true,"href":"https:\/\/janabartho.eu\/index.php?rest_route=%2Fwp%2Fv2%2Fcomments&post=9"}],"version-history":[{"count":13,"href":"https:\/\/janabartho.eu\/index.php?rest_route=\/wp\/v2\/pages\/9\/revisions"}],"predecessor-version":[{"id":387,"href":"https:\/\/janabartho.eu\/index.php?rest_route=\/wp\/v2\/pages\/9\/revisions\/387"}],"wp:attachment":[{"href":"https:\/\/janabartho.eu\/index.php?rest_route=%2Fwp%2Fv2%2Fmedia&parent=9"}],"curies":[{"name":"wp","href":"https:\/\/api.w.org\/{rel}","templated":true}]}}